{"id":1164,"date":"2021-02-09T15:39:44","date_gmt":"2021-02-09T14:39:44","guid":{"rendered":"https:\/\/naromanesperansa.org\/privacy-policy\/"},"modified":"2021-02-09T15:39:44","modified_gmt":"2021-02-09T14:39:44","slug":"privacy-policy","status":"publish","type":"page","link":"https:\/\/naromanesperansa.org\/en\/privacy-policy\/","title":{"rendered":"Privacy Policy"},"content":{"rendered":"<p>De conformidad con el art\u00edculo 10 de la Ley 34\/2002, de 11 de julio, de \u201cServicios de la Sociedad de la Informaci\u00f3n y Comercio Electr\u00f3nico (LSSI)\u201d, ponemos en su conocimiento la siguiente informaci\u00f3n:<\/p>\n<p>Proyecto Naroman es el titular del sitio web https:\/\/naromanesperansa.org\/, que act\u00faa exclusivamente como explotadora, y gestora de los contenidos de los portales Web, mencionado anteriormente.<\/p>\n<p>Si quiere contactar con nosotros, puede hacerlo mediante correo postal a la direcci\u00f3n mencionada al p\u00e1rrafo anterior, o bien a trav\u00e9s del correo electr\u00f3nico <a href=\"mailto:info@naromanesperansa.org\">info@naromanesperansa.org<\/a><\/p>\n<p>CONCEPTO DE USUARIO<\/p>\n<p>La utilizaci\u00f3n del portal Web atribuye la condici\u00f3n de Usuario, e implica la aceptaci\u00f3n total y sin reservas de todas y cada una de las disposiciones incluidas en este Aviso Legal, en la versi\u00f3n publicada para Proyecto Naroman en el mismo momento en que el Usuario acceda a la Web. En consecuencia, el Usuario tiene que leer atentamente el presente Aviso Legal en cada una de las ocasiones en que se proponga utilizar la Web, puesto que puede sufrir modificaciones.<\/p>\n<p>INFORMACI\u00d3N SOBRE LOS V\u00cdNCULOS \u201cLINKS\u201d<\/p>\n<p>PROYECTO NAROMAN no se hace responsable de las webs no propias o de terceros, a las cuales se puede acceder mediante v\u00ednculos \u201clinks\u201d o de cualquier contenido puesto a disposici\u00f3n por terceros.<\/p>\n<p>Cualquier uso de un v\u00ednculo o acceso a una Web no propia es realizado por voluntad y riesgo exclusivo del usuario y PROYECTO NAROMAN no recomienda ni garantiza ninguna informaci\u00f3n obtenida a trav\u00e9s de un v\u00ednculo ajeno a la web de Proyecto Naroman.com, ni se responsabiliza de ninguna p\u00e9rdida, reclamaci\u00f3n o perjuicio derivada del uso o mal uso de un v\u00ednculo, o de la informaci\u00f3n obtenida a trav\u00e9s de \u00e9l, incluyendo otros v\u00ednculos o webs, de la interrupci\u00f3n en el servicio o en el acceso, o del uso o mal uso de un v\u00ednculo, tanto al conectar al portal Web Proyecto Naroman.com, c\u00f3mo al acceder a la informaci\u00f3n de otros webs desde el mismo portal Web.<\/p>\n<p>REN\u00daNCIA Y LIMITACI\u00d3N DE LA RESPONSABILIDAD<\/p>\n<p>La informaci\u00f3n y servicios incluidos o disponibles a trav\u00e9s de las p\u00e1ginas Web pueden incluir incorrecciones o errores tipogr\u00e1ficos. De forma peri\u00f3dica se incorporan cambios a la informaci\u00f3n contenida. PROYECTO NAROMAN puede introducir en cualquier momento mejoras y\/o cambios en los servicios o contenidos.<\/p>\n<p>Tambi\u00e9n se advierte que los contenidos de esta Web, tienen la finalidad informativa en cuanto a la oferta de servicios y tarifas. Seg\u00fan lo previsto en el presente aviso legal y el resto de textos legales del presente portal Web.<\/p>\n<p>INFORMACI\u00d3N SOBRE LA EXENCI\u00d3N DE TODA RESPONSABILIDAD DERIVADA DE UN FALLO T\u00c9CNICO Y DE CONTENIDO<\/p>\n<p>PROYECTO NAROMAN declina cualquier responsabilidad en caso de que existan interrupciones o un mal funcionamiento de los servicios o contenidos ofrecidos en Internet, cualquier que sea su causa.<\/p>\n<p>As\u00ed mismo, PROYECTO NAROMAN no se hace responsable por ca\u00eddas de la red, p\u00e9rdidas de negocio a consecuencia de estas ca\u00eddas, suspensiones temporales del fluido el\u00e9ctrico o cualquiera otro tipo.<\/p>\n<p>PROYECTO NAROMAN no declara ni garantiza que los servicios o contenidos no sean interrumpidos o que est\u00e9n libres de errores, que los defectos sean corregidos, o que el servicio o el servidor que lo pone a disposici\u00f3n est\u00e9n libres de virus u otros componentes nocivos, sin perjuicio que PROYECTO NAROMAN realiza sus mejores esfuerzos a evitar este tipo de incidentes. En caso de que el Usuario tomara determinadas decisiones o realizara acciones en base a la informaci\u00f3n incluida en cualquier de los \u201cwebsites\u201d, se recomienda la comprobaci\u00f3n de la informaci\u00f3n recibida con otras fuentes.<\/p>\n<ol>\n<li>La estructura, dise\u00f1o y forma de presentaci\u00f3n de los elementos (gr\u00e1ficos, im\u00e1genes, ficheros logotipos, combinaciones de colores y cualquier elemento susceptible de protecci\u00f3n) est\u00e1n protegidos por derechos de propiedad intelectual, titularidad de PROYECTO NAROMAN.<\/li>\n<li>Est\u00e1n prohibidas la reproducci\u00f3n, la transformaci\u00f3n, distribuci\u00f3n, comunicaci\u00f3n p\u00fablica, puesta a disposici\u00f3n del p\u00fablico y, en general cualquier otra forma de explotaci\u00f3n, parcial o total de los elementos referidos en el apartado anterior. Estos actos de explotaci\u00f3n s\u00f3lo podr\u00e1n ser realizados en virtud de autorizaci\u00f3n expresa de PROYECTO NAROMAN y que, en todo caso, tendr\u00e1n que hacer referencia expl\u00edcita a la titularidad de los citados derechos de propiedad intelectual de PROYECTO NAROMAN.<\/li>\n<li>S\u00f3lo est\u00e1 autorizado para el uso privado del material documental elaborado para la PROYECTO NAROMAN En ning\u00fan caso, podr\u00e1 suprimir, alterar, eludir o manipular cualquier dispositivo de protecci\u00f3n o sistemas de seguridad que puedan estar instalados.<\/li>\n<li>Excepto autorizaci\u00f3n expresa de PROYECTO NAROMAN no se permite el enlace a \u201cp\u00e1ginas finales\u201d, el \u201cframe\u201d y cualquier otra manipulaci\u00f3n similar. Los enlaces tienen que ser siempre en la p\u00e1gina principal o \u201chome page\u201d Proyecto Naroman.com.<\/li>\n<li>Los signos distintivos (marcas, nombres comerciales) de PROYECTO NAROMAN est\u00e1n protegidos por derechos de propiedad industrial, quedando prohibida la utilizaci\u00f3n o manipulaci\u00f3n de cualquier de estos, excepto autorizaci\u00f3n expresa y por escrito de PROYECTO NAROMAN.<\/li>\n<\/ol>\n","protected":false},"excerpt":{"rendered":"<p>De conformidad con el art\u00edculo 10 de la Ley 34\/2002, de 11 de julio, de \u201cServicios de la Sociedad de la Informaci\u00f3n y Comercio Electr\u00f3nico (LSSI)\u201d, ponemos en su conocimiento la siguiente informaci\u00f3n: Proyecto Naroman es el titular del sitio web https:\/\/naromanesperansa.org\/, que act\u00faa exclusivamente como explotadora, y gestora de los contenidos de los portales &hellip; <\/p>\n<p class=\"link-more\"><a href=\"https:\/\/naromanesperansa.org\/en\/privacy-policy\/\" class=\"more-link\">Continue reading<span class=\"screen-reader-text\"> &#8220;Privacy Policy&#8221;<\/span><\/a><\/p>\n","protected":false},"author":1,"featured_media":0,"parent":0,"menu_order":0,"comment_status":"closed","ping_status":"closed","template":"page-avisos.php","meta":{"footnotes":""},"class_list":["post-1164","page","type-page","status-publish","hentry"],"yoast_head":"<!-- This site is optimized with the Yoast SEO plugin v23.8 - https:\/\/yoast.com\/wordpress\/plugins\/seo\/ -->\n<title>Privacy Policy | Naroman Timor<\/title>\n<meta name=\"robots\" content=\"index, follow, max-snippet:-1, max-image-preview:large, max-video-preview:-1\" \/>\n<link rel=\"canonical\" href=\"https:\/\/naromanesperansa.org\/politica-de-privacidad\/\" \/>\n<meta property=\"og:locale\" content=\"en_US\" \/>\n<meta property=\"og:type\" content=\"article\" \/>\n<meta property=\"og:title\" content=\"Privacy Policy | Naroman Timor\" \/>\n<meta property=\"og:description\" content=\"De conformidad con el art\u00edculo 10 de la Ley 34\/2002, de 11 de julio, de \u201cServicios de la Sociedad de la Informaci\u00f3n y Comercio Electr\u00f3nico (LSSI)\u201d, ponemos en su conocimiento la siguiente informaci\u00f3n: Proyecto Naroman es el titular del sitio web https:\/\/naromanesperansa.org\/, que act\u00faa exclusivamente como explotadora, y gestora de los contenidos de los portales &hellip; Continue reading &quot;Privacy Policy&quot;\" \/>\n<meta property=\"og:url\" content=\"https:\/\/naromanesperansa.org\/politica-de-privacidad\/\" \/>\n<meta property=\"og:site_name\" content=\"Naroman Timor\" \/>\n<meta name=\"twitter:card\" content=\"summary_large_image\" \/>\n<meta name=\"twitter:label1\" content=\"Est. reading time\" \/>\n\t<meta name=\"twitter:data1\" content=\"4 minutes\" \/>\n<script type=\"application\/ld+json\" class=\"yoast-schema-graph\">{\"@context\":\"https:\/\/schema.org\",\"@graph\":[{\"@type\":\"WebPage\",\"@id\":\"https:\/\/naromanesperansa.org\/politica-de-privacidad\/\",\"url\":\"https:\/\/naromanesperansa.org\/politica-de-privacidad\/\",\"name\":\"Privacy Policy | Naroman Timor\",\"isPartOf\":{\"@id\":\"https:\/\/naromanesperansa.org\/#website\"},\"datePublished\":\"2021-02-09T14:39:44+00:00\",\"dateModified\":\"2021-02-09T14:39:44+00:00\",\"breadcrumb\":{\"@id\":\"https:\/\/naromanesperansa.org\/politica-de-privacidad\/#breadcrumb\"},\"inLanguage\":\"en-US\",\"potentialAction\":[{\"@type\":\"ReadAction\",\"target\":[\"https:\/\/naromanesperansa.org\/politica-de-privacidad\/\"]}]},{\"@type\":\"BreadcrumbList\",\"@id\":\"https:\/\/naromanesperansa.org\/politica-de-privacidad\/#breadcrumb\",\"itemListElement\":[{\"@type\":\"ListItem\",\"position\":1,\"name\":\"Portada\",\"item\":\"https:\/\/naromanesperansa.org\/en\/\"},{\"@type\":\"ListItem\",\"position\":2,\"name\":\"Privacy Policy\"}]},{\"@type\":\"WebSite\",\"@id\":\"https:\/\/naromanesperansa.org\/#website\",\"url\":\"https:\/\/naromanesperansa.org\/\",\"name\":\"Naroman Timor\",\"description\":\"Naroman Timor \",\"potentialAction\":[{\"@type\":\"SearchAction\",\"target\":{\"@type\":\"EntryPoint\",\"urlTemplate\":\"https:\/\/naromanesperansa.org\/?s={search_term_string}\"},\"query-input\":{\"@type\":\"PropertyValueSpecification\",\"valueRequired\":true,\"valueName\":\"search_term_string\"}}],\"inLanguage\":\"en-US\"}]}<\/script>\n<!-- \/ Yoast SEO plugin. -->","yoast_head_json":{"title":"Privacy Policy | Naroman Timor","robots":{"index":"index","follow":"follow","max-snippet":"max-snippet:-1","max-image-preview":"max-image-preview:large","max-video-preview":"max-video-preview:-1"},"canonical":"https:\/\/naromanesperansa.org\/politica-de-privacidad\/","og_locale":"en_US","og_type":"article","og_title":"Privacy Policy | Naroman Timor","og_description":"De conformidad con el art\u00edculo 10 de la Ley 34\/2002, de 11 de julio, de \u201cServicios de la Sociedad de la Informaci\u00f3n y Comercio Electr\u00f3nico (LSSI)\u201d, ponemos en su conocimiento la siguiente informaci\u00f3n: Proyecto Naroman es el titular del sitio web https:\/\/naromanesperansa.org\/, que act\u00faa exclusivamente como explotadora, y gestora de los contenidos de los portales &hellip; Continue reading \"Privacy Policy\"","og_url":"https:\/\/naromanesperansa.org\/politica-de-privacidad\/","og_site_name":"Naroman Timor","twitter_card":"summary_large_image","twitter_misc":{"Est. reading time":"4 minutes"},"schema":{"@context":"https:\/\/schema.org","@graph":[{"@type":"WebPage","@id":"https:\/\/naromanesperansa.org\/politica-de-privacidad\/","url":"https:\/\/naromanesperansa.org\/politica-de-privacidad\/","name":"Privacy Policy | Naroman Timor","isPartOf":{"@id":"https:\/\/naromanesperansa.org\/#website"},"datePublished":"2021-02-09T14:39:44+00:00","dateModified":"2021-02-09T14:39:44+00:00","breadcrumb":{"@id":"https:\/\/naromanesperansa.org\/politica-de-privacidad\/#breadcrumb"},"inLanguage":"en-US","potentialAction":[{"@type":"ReadAction","target":["https:\/\/naromanesperansa.org\/politica-de-privacidad\/"]}]},{"@type":"BreadcrumbList","@id":"https:\/\/naromanesperansa.org\/politica-de-privacidad\/#breadcrumb","itemListElement":[{"@type":"ListItem","position":1,"name":"Portada","item":"https:\/\/naromanesperansa.org\/en\/"},{"@type":"ListItem","position":2,"name":"Privacy Policy"}]},{"@type":"WebSite","@id":"https:\/\/naromanesperansa.org\/#website","url":"https:\/\/naromanesperansa.org\/","name":"Naroman Timor","description":"Naroman Timor ","potentialAction":[{"@type":"SearchAction","target":{"@type":"EntryPoint","urlTemplate":"https:\/\/naromanesperansa.org\/?s={search_term_string}"},"query-input":{"@type":"PropertyValueSpecification","valueRequired":true,"valueName":"search_term_string"}}],"inLanguage":"en-US"}]}},"_links":{"self":[{"href":"https:\/\/naromanesperansa.org\/en\/wp-json\/wp\/v2\/pages\/1164","targetHints":{"allow":["GET"]}}],"collection":[{"href":"https:\/\/naromanesperansa.org\/en\/wp-json\/wp\/v2\/pages"}],"about":[{"href":"https:\/\/naromanesperansa.org\/en\/wp-json\/wp\/v2\/types\/page"}],"author":[{"embeddable":true,"href":"https:\/\/naromanesperansa.org\/en\/wp-json\/wp\/v2\/users\/1"}],"replies":[{"embeddable":true,"href":"https:\/\/naromanesperansa.org\/en\/wp-json\/wp\/v2\/comments?post=1164"}],"version-history":[{"count":0,"href":"https:\/\/naromanesperansa.org\/en\/wp-json\/wp\/v2\/pages\/1164\/revisions"}],"wp:attachment":[{"href":"https:\/\/naromanesperansa.org\/en\/wp-json\/wp\/v2\/media?parent=1164"}],"curies":[{"name":"wp","href":"https:\/\/api.w.org\/{rel}","templated":true}]}}